{"id":141,"date":"2022-08-29T20:04:42","date_gmt":"2022-08-30T00:04:42","guid":{"rendered":"https:\/\/ecdfwg.ca\/?page_id=141"},"modified":"2026-02-03T15:08:06","modified_gmt":"2026-02-03T20:08:06","slug":"about","status":"publish","type":"page","link":"https:\/\/ecdfwg.ca\/fr\/about\/","title":{"rendered":"\u00c0 propos de nous"},"content":{"rendered":"<h1 class=\"wp-block-heading\">Le Groupe de travail des fondations sur la petite enfance (ECDFWG)<\/h1>\n\n\n\n<p>Le Groupe de travail des fondations sur la petite enfance (Early Child Development Funders Working Group, ou <a href=\"https:\/\/ecdfwg.ca\/en\/about\/\">ECDFWG<\/a> , cr\u00e9\u00e9 en 2009, regroupe des fondations qui poursuivent toutes un objectif unique: assurer \u00e0 chaque enfant d\u2019\u00e2ge pr\u00e9scolaire au Canada l\u2019acc\u00e8s \u00e0 une \u00e9ducation \u00e0 la petite enfance de qualit\u00e9 et financ\u00e9e par des fonds publics.<\/p>\n\n\n\n<p>L\u2019ECDFWG repr\u00e9sente plusieurs choses : un r\u00e9seau d\u2019apprentissage pancanadien; un v\u00e9ritable engagement commun envers les enfants; un lien entre diff\u00e9rentes fondations.<\/p>\n\n\n\n<p><strong>L\u2019ECDFWG ne sollicite ni n\u2019accepte de demandes de financement.<\/strong> Il s\u2019agit plut\u00f4t d\u2019une ressource pour ses membres qui encourage la collaboration et le partage de connaissances afin d\u2019am\u00e9liorer l\u2019efficacit\u00e9 de notre philanthropie en faveur des jeunes enfants. Les membres d\u2019ECDFWG estiment qu\u2019il est important d\u2019apprendre les uns des autres par rapport \u00e0 la fa\u00e7on dont les fondations peuvent influencer le changement des politiques, mais aussi partager des outils pouvant \u00eatre adapt\u00e9s aux besoins locaux, et mieux comprendre les grandes variations r\u00e9gionales quant aux valeurs et aux approches qui composent le Canada.&nbsp;<\/p>\n\n\n\n<h3 class=\"wp-block-heading\">Structure<\/h3>\n\n\n\n<p>Depuis sa cr\u00e9ation, l\u2019ECDFWG a tent\u00e9 de trouver un \u00e9quilibre entre les approches informelle et structur\u00e9e. Il ne dispose pas de conditions formelles de r\u00e9f\u00e9rence. Chaque fondation choisit ses participants dans l\u2019ECDFWG, qui compte plusieurs directeurs de conseil d\u2019administration, des PDG, des membres du personnel des programmes et des conseillers. Les principes de fonctionnement de l\u2019ECDFWG reposent sur la confiance, l\u2019ouverture, le respect et la compr\u00e9hension. Son objectif est de rendre plus efficace la philanthropie en faveur du d\u00e9veloppement des jeunes enfants par le partage des connaissances, l\u2019alignement des strat\u00e9gies et la collaboration.&nbsp;<\/p>\n\n\n\n<p>De temps en temps, les fondations invitent diff\u00e9rents b\u00e9n\u00e9ficiaires\/partenaires \u00e0 partager leur travail avec les autres fondations afin de favoriser la discussion et l\u2019apprentissage.&nbsp;<\/p>\n\n\n\n<p><strong>L\u2019ECDFWG invite de nouvelles organisations philanthropiques \u00e0 se joindre \u00e0 ses rencontres bi-annuelles.<\/strong> Les fondations qui souhaitent s\u2019impliquer sont invit\u00e9es \u00e0 contacter les copr\u00e9sidentes actuelles<\/p>\n\n\n\n<ul class=\"wp-block-list\">\n<li><a href=\"https:\/\/jimmyprattfoundation.ca\/contact\/\">Ness Kenalty<\/a>, Directrice de programme, Waltons Trust<\/li>\n\n\n\n<li><a href=\"https:\/\/jimmyprattfoundation.ca\/contact\/\">Kim Dreaddy<\/a>, Executive Director, Jimmy Pratt Foundation<\/li>\n<\/ul>\n\n\n\n<hr>\n\n\n\n<h2 class=\"wp-block-heading has-text-align-center\">Les membres du Groupe de travail des foundations sur la petite enfance comprennent :<\/h2>\n\n\n\n<div style=\"height:50px\" aria-hidden=\"true\" class=\"wp-block-spacer\"><\/div>\n\n\n\n<div class=\"wp-block-columns is-layout-flex wp-container-core-columns-is-layout-9d6595d7 wp-block-columns-is-layout-flex\">\n<div class=\"wp-block-column is-layout-flow wp-block-column-is-layout-flow\" style=\"flex-basis:25%\">\n<div class=\"wp-block-group is-nowrap is-layout-flex wp-container-core-group-is-layout-ad2f72ca wp-block-group-is-layout-flex\"><\/div>\n<\/div>\n\n\n\n<div class=\"wp-block-column is-layout-flow wp-block-column-is-layout-flow\" style=\"flex-basis:25%\">\n<figure class=\"wp-block-image size-large is-resized\"><a href=\"http:\/\/happyrootsfoundation.ca\"><img loading=\"lazy\" decoding=\"async\" width=\"1024\" height=\"275\" src=\"https:\/\/ecdfwg.ca\/wp-content\/uploads\/Happy-Roots-Logo-Teal-1024x275.png\" alt=\"\" class=\"wp-image-269\" srcset=\"https:\/\/ecdfwg.ca\/wp-content\/uploads\/Happy-Roots-Logo-Teal-1024x275.png 1024w, https:\/\/ecdfwg.ca\/wp-content\/uploads\/Happy-Roots-Logo-Teal-300x80.png 300w, https:\/\/ecdfwg.ca\/wp-content\/uploads\/Happy-Roots-Logo-Teal-768x206.png 768w, https:\/\/ecdfwg.ca\/wp-content\/uploads\/Happy-Roots-Logo-Teal-1536x412.png 1536w, https:\/\/ecdfwg.ca\/wp-content\/uploads\/Happy-Roots-Logo-Teal-18x5.png 18w, https:\/\/ecdfwg.ca\/wp-content\/uploads\/Happy-Roots-Logo-Teal.png 1663w\" sizes=\"auto, (max-width: 1024px) 100vw, 1024px\" \/><\/a><\/figure>\n<\/div>\n\n\n\n<div class=\"wp-block-column is-layout-flow wp-block-column-is-layout-flow\" style=\"flex-basis:25%\">\n<figure class=\"wp-block-image size-large\"><a href=\"http:\/\/chamandyfoundation.org\"><img loading=\"lazy\" decoding=\"async\" width=\"1024\" height=\"252\" src=\"https:\/\/ecdfwg.ca\/wp-content\/uploads\/CF_Bilingual-Logo_RGB_300dpi-1024x252.jpg\" alt=\"\" class=\"wp-image-263\" srcset=\"https:\/\/ecdfwg.ca\/wp-content\/uploads\/CF_Bilingual-Logo_RGB_300dpi-1024x252.jpg 1024w, https:\/\/ecdfwg.ca\/wp-content\/uploads\/CF_Bilingual-Logo_RGB_300dpi-300x74.jpg 300w, https:\/\/ecdfwg.ca\/wp-content\/uploads\/CF_Bilingual-Logo_RGB_300dpi-768x189.jpg 768w, https:\/\/ecdfwg.ca\/wp-content\/uploads\/CF_Bilingual-Logo_RGB_300dpi-18x4.jpg 18w, https:\/\/ecdfwg.ca\/wp-content\/uploads\/CF_Bilingual-Logo_RGB_300dpi.jpg 1427w\" sizes=\"auto, (max-width: 1024px) 100vw, 1024px\" \/><\/a><\/figure>\n<\/div>\n<\/div>\n\n\n\n<div class=\"wp-block-columns is-layout-flex wp-container-core-columns-is-layout-9d6595d7 wp-block-columns-is-layout-flex\">\n<div class=\"wp-block-column is-layout-flow wp-block-column-is-layout-flow\" style=\"flex-basis:25%\">\n<div class=\"wp-block-group is-nowrap is-layout-flex wp-container-core-group-is-layout-ad2f72ca wp-block-group-is-layout-flex\">\n<figure class=\"wp-block-image size-full\"><a href=\"http:\/\/www.mwmccain.ca\/\"><img loading=\"lazy\" decoding=\"async\" width=\"173\" height=\"102\" src=\"https:\/\/ecdfwg.ca\/wp-content\/uploads\/mwmccain-foundation.jpg__173x102_q85_crop_subsampling-2_upscale.jpg\" alt=\"\" class=\"wp-image-167\"\/><\/a><\/figure>\n<\/div>\n<\/div>\n\n\n\n<div class=\"wp-block-column is-layout-flow wp-block-column-is-layout-flow\" style=\"flex-basis:25%\">\n<figure class=\"wp-block-image size-full\"><a href=\"https:\/\/www.lshallmanfdn.org\/\"><img loading=\"lazy\" decoding=\"async\" width=\"170\" height=\"142\" src=\"https:\/\/ecdfwg.ca\/wp-content\/uploads\/lyle-s-hallman.png__170x142_q85_crop_subsampling-2_upscale.jpg\" alt=\"\" class=\"wp-image-165\"\/><\/a><\/figure>\n<\/div>\n\n\n\n<div class=\"wp-block-column is-layout-flow wp-block-column-is-layout-flow\" style=\"flex-basis:25%\">\n<figure class=\"wp-block-image size-full\"><a href=\"https:\/\/muttart.org\/\"><img loading=\"lazy\" decoding=\"async\" width=\"220\" height=\"94\" src=\"https:\/\/ecdfwg.ca\/wp-content\/uploads\/muttart-foundation.jpg__220x94_q85_crop_subsampling-2_upscale.jpg\" alt=\"\" class=\"wp-image-166\"\/><\/a><\/figure>\n<\/div>\n\n\n\n<div class=\"wp-block-column is-layout-flow wp-block-column-is-layout-flow\" style=\"flex-basis:25%\">\n<figure class=\"wp-block-image size-full\"><a href=\"https:\/\/www.fondationchagnon.org\/\"><img loading=\"lazy\" decoding=\"async\" width=\"172\" height=\"80\" src=\"https:\/\/ecdfwg.ca\/wp-content\/uploads\/lucie-andre-chagnon.gif__172x80_q85_crop_subsampling-2_upscale.jpg\" alt=\"\" class=\"wp-image-164\"\/><\/a><\/figure>\n<\/div>\n<\/div>\n\n\n\n<div class=\"wp-block-columns is-layout-flex wp-container-core-columns-is-layout-9d6595d7 wp-block-columns-is-layout-flex\">\n<div class=\"wp-block-column is-layout-flow wp-block-column-is-layout-flow\" style=\"flex-basis:25%\">\n<div class=\"wp-block-group is-nowrap is-layout-flex wp-container-core-group-is-layout-ad2f72ca wp-block-group-is-layout-flex\">\n<figure class=\"wp-block-image size-full\"><a href=\"https:\/\/www.waltonstrust.org\"><img loading=\"lazy\" decoding=\"async\" width=\"200\" height=\"58\" src=\"https:\/\/ecdfwg.ca\/wp-content\/uploads\/waltons-trust.jpg\" alt=\"\" class=\"wp-image-168\"\/><\/a><\/figure>\n<\/div>\n<\/div>\n\n\n\n<div class=\"wp-block-column is-layout-flow wp-block-column-is-layout-flow\" style=\"flex-basis:25%\"><div class=\"wp-block-image\">\n<figure class=\"alignright size-full\"><a href=\"https:\/\/lawson.ca\/\" target=\"_blank\" rel=\"noreferrer noopener\"><img loading=\"lazy\" decoding=\"async\" width=\"200\" height=\"64\" src=\"https:\/\/ecdfwg.ca\/wp-content\/uploads\/lawson-foundation-2016.jpg\" alt=\"\" class=\"wp-image-163\"\/><\/a><\/figure>\n<\/div><\/div>\n\n\n\n<div class=\"wp-block-column is-layout-flow wp-block-column-is-layout-flow\" style=\"flex-basis:25%\"><div class=\"wp-block-image\">\n<figure class=\"aligncenter size-full\"><a href=\"https:\/\/jimmyprattfoundation.ca\/\"><img loading=\"lazy\" decoding=\"async\" width=\"133\" height=\"160\" src=\"https:\/\/ecdfwg.ca\/wp-content\/uploads\/jimmy-pratt.jpg__133x160_q85_crop_subsampling-2_upscale.jpg\" alt=\"\" class=\"wp-image-161\"\/><\/a><\/figure>\n<\/div><\/div>\n\n\n\n<div class=\"wp-block-column is-layout-flow wp-block-column-is-layout-flow\" style=\"flex-basis:25%\"><div class=\"wp-block-image\">\n<figure class=\"aligncenter size-full\"><a href=\"https:\/\/atkinsonfoundation.ca\/\"><img loading=\"lazy\" decoding=\"async\" width=\"179\" height=\"102\" src=\"https:\/\/ecdfwg.ca\/wp-content\/uploads\/atkinson-foundation.jpg__179x102_q85_crop_subsampling-2_upscale.jpg\" alt=\"\" class=\"wp-image-160\"\/><\/a><\/figure>\n<\/div><\/div>\n<\/div>\n\n\n\n<p><\/p>","protected":false},"excerpt":{"rendered":"<p>The Early Child Development Funders Working Group (ECDFWG) The Early Child Development Funders Working Group ECDFWG was established in 2009 as a group of foundations coming together with a simple goal; ensure the availability of quality, publicly funded, early childhood education for every preschool child in Canada. The ECDFWG is many things: a cross-Canada learning [&hellip;]<\/p>\n","protected":false},"author":6,"featured_media":156,"parent":0,"menu_order":0,"comment_status":"closed","ping_status":"closed","template":"","meta":{"footnotes":""},"class_list":["post-141","page","type-page","status-publish","has-post-thumbnail","hentry"],"_links":{"self":[{"href":"https:\/\/ecdfwg.ca\/fr\/wp-json\/wp\/v2\/pages\/141","targetHints":{"allow":["GET"]}}],"collection":[{"href":"https:\/\/ecdfwg.ca\/fr\/wp-json\/wp\/v2\/pages"}],"about":[{"href":"https:\/\/ecdfwg.ca\/fr\/wp-json\/wp\/v2\/types\/page"}],"author":[{"embeddable":true,"href":"https:\/\/ecdfwg.ca\/fr\/wp-json\/wp\/v2\/users\/6"}],"replies":[{"embeddable":true,"href":"https:\/\/ecdfwg.ca\/fr\/wp-json\/wp\/v2\/comments?post=141"}],"version-history":[{"count":5,"href":"https:\/\/ecdfwg.ca\/fr\/wp-json\/wp\/v2\/pages\/141\/revisions"}],"predecessor-version":[{"id":297,"href":"https:\/\/ecdfwg.ca\/fr\/wp-json\/wp\/v2\/pages\/141\/revisions\/297"}],"wp:featuredmedia":[{"embeddable":true,"href":"https:\/\/ecdfwg.ca\/fr\/wp-json\/wp\/v2\/media\/156"}],"wp:attachment":[{"href":"https:\/\/ecdfwg.ca\/fr\/wp-json\/wp\/v2\/media?parent=141"}],"curies":[{"name":"wp","href":"https:\/\/api.w.org\/{rel}","templated":true}]}}